{"id":1212,"date":"2022-09-08T13:30:12","date_gmt":"2022-09-08T16:30:12","guid":{"rendered":"https:\/\/www.piscinasamerica.com.ar\/wp\/?page_id=1212"},"modified":"2023-11-01T14:09:19","modified_gmt":"2023-11-01T17:09:19","slug":"linea-solarium","status":"publish","type":"page","link":"https:\/\/www.piscinasamerica.com.ar\/wp\/linea-solarium\/","title":{"rendered":"L\u00ednea Solarium"},"content":{"rendered":"<div class=\"wpb-content-wrapper\"><p>[vc_row][vc_column css_animation=&#8221;bounceIn&#8221;][vc_column_text]<\/p>\n<div class=\"texto\">\n<h6>Tu piscina solarium y compacta para la recreaci\u00f3n de tu familia para que puedas disfrutar de unos d\u00edas soleados con amigos.<\/h6>\n<p>&nbsp;<\/p>\n<p>La misma se puede instalar en tu casa, o en la terraza, hoy en d\u00eda es sin\u00f3nimo de tranquilidad, seguridad y valoraci\u00f3n garantizada de su propiedad.<\/p>\n<p>Podes elegir diferentes colores, acabado de los bordes y\/o paredes internas y tama\u00f1os.<\/p>\n<\/div>\n<p>[\/vc_column_text][vc_empty_space height=&#8221;50px&#8221;][\/vc_column][\/vc_row][vc_row full_width=&#8221;stretch_row&#8221; inverse=&#8221;&#8221;][vc_column css_animation=&#8221;fadeInUp&#8221;][vc_row_inner equal_height=&#8221;yes&#8221; gap=&#8221;20&#8243; css=&#8221;.vc_custom_1661520429025{padding-bottom: 80px !important;}&#8221;][vc_column_inner width=&#8221;1\/3&#8243;][vc_column_text]<\/p>\n<h6 style=\"text-align: center;\"><span style=\"color: #75c6fa;\">L\u00cdNEA SOLARIUM<\/span><br \/>\nM9<\/h6>\n<p>[\/vc_column_text]<figure class=\"sc_image  sc_image_shape_square margin_bottom_small\"><img decoding=\"async\" src=\"https:\/\/www.piscinasamerica.com.ar\/wp\/wp-content\/uploads\/2023\/11\/piscina-m9_01.png\" alt=\"\" \/><\/figure>[vc_column_text css=&#8221;.vc_custom_1662653487985{margin-top: 0px !important;padding-top: 0px !important;}&#8221;]<\/p>\n<p style=\"text-align: center;\"><strong><img loading=\"lazy\" decoding=\"async\" class=\"alignnone wp-image-1202 size-full\" src=\"https:\/\/www.piscinasamerica.com.ar\/wp\/wp-content\/uploads\/2022\/09\/colores-redondo.png\" alt=\"\" width=\"108\" height=\"24\" \/><br \/>\nCOLORES DISPONIBLES<\/strong><\/p>\n<p>[\/vc_column_text][vc_icon icon_fontawesome=&#8221;fas fa-ruler-combined&#8221; color=&#8221;custom&#8221; size=&#8221;lg&#8221; align=&#8221;center&#8221; css=&#8221;.vc_custom_1661527765883{margin-top: 25px !important;margin-bottom: 0px !important;}&#8221; custom_color=&#8221;#75c6fa&#8221;][vc_column_text]<\/p>\n<p style=\"text-align: center;\"><strong>MEDIDAS<br \/>\n<\/strong>Largo: 6,00mts.<br \/>\nAncho: 3,00mts.<br \/>\nAlto: 1,30 a 1,50mts.<\/p>\n<p>[\/vc_column_text][vc_icon icon_fontawesome=&#8221;fas fa-expand-arrows-alt&#8221; color=&#8221;custom&#8221; size=&#8221;lg&#8221; align=&#8221;center&#8221; css=&#8221;.vc_custom_1661527775565{margin-top: 25px !important;margin-bottom: 0px !important;}&#8221; custom_color=&#8221;#75c6fa&#8221;][vc_column_text]<\/p>\n<p style=\"text-align: center;\"><strong>CAPACIDAD<\/strong><br \/>\n25000lts.<\/p>\n<p>[\/vc_column_text][\/vc_column_inner][vc_column_inner width=&#8221;1\/3&#8243;][vc_column_text]<\/p>\n<h6 style=\"text-align: center;\"><span style=\"color: #75c6fa;\">L\u00cdNEA SOLARIUM<br \/>\n<\/span>M11<\/h6>\n<p>[\/vc_column_text]<figure class=\"sc_image  sc_image_shape_square margin_bottom_small\"><img decoding=\"async\" src=\"https:\/\/www.piscinasamerica.com.ar\/wp\/wp-content\/uploads\/2023\/11\/piscina-m11_01.png\" alt=\"\" \/><\/figure>[vc_column_text css=&#8221;.vc_custom_1662653494592{margin-top: 0px !important;padding-top: 0px !important;}&#8221;]<\/p>\n<p style=\"text-align: center;\"><strong><img loading=\"lazy\" decoding=\"async\" class=\"alignnone wp-image-1202 size-full\" src=\"https:\/\/www.piscinasamerica.com.ar\/wp\/wp-content\/uploads\/2022\/09\/colores-redondo.png\" alt=\"\" width=\"108\" height=\"24\" \/><br \/>\nCOLORES DISPONIBLES<\/strong><\/p>\n<p>[\/vc_column_text][vc_icon icon_fontawesome=&#8221;fas fa-ruler-combined&#8221; color=&#8221;custom&#8221; size=&#8221;lg&#8221; align=&#8221;center&#8221; css=&#8221;.vc_custom_1661527784799{margin-top: 25px !important;margin-bottom: 0px !important;}&#8221; custom_color=&#8221;#75c6fa&#8221;][vc_column_text]<\/p>\n<p style=\"text-align: center;\"><strong>MEDIDAS<br \/>\n<\/strong>Largo: 7,00mts.<br \/>\nAncho: 3,20mts.<br \/>\nAlto: 1,25 a 1,55mts.<\/p>\n<p>[\/vc_column_text][vc_icon icon_fontawesome=&#8221;fas fa-expand-arrows-alt&#8221; color=&#8221;custom&#8221; size=&#8221;lg&#8221; align=&#8221;center&#8221; css=&#8221;.vc_custom_1661527797450{margin-top: 25px !important;margin-bottom: 0px !important;}&#8221; custom_color=&#8221;#75c6fa&#8221;][vc_column_text]<\/p>\n<p style=\"text-align: center;\"><strong>CAPACIDAD<\/strong><br \/>\n26800lts.<\/p>\n<p>[\/vc_column_text][\/vc_column_inner][vc_column_inner width=&#8221;1\/3&#8243;][vc_column_text]<\/p>\n<h6 style=\"text-align: center;\"><span style=\"color: #75c6fa;\">L\u00cdNEA SOLARIUM<br \/>\n<\/span>M12<\/h6>\n<p>[\/vc_column_text]<figure class=\"sc_image  sc_image_shape_square margin_bottom_small\"><img decoding=\"async\" src=\"https:\/\/www.piscinasamerica.com.ar\/wp\/wp-content\/uploads\/2023\/11\/piscina-m12_01.png\" alt=\"\" \/><\/figure>[vc_column_text css=&#8221;.vc_custom_1662653499055{margin-top: 0px !important;padding-top: 0px !important;}&#8221;]<\/p>\n<p style=\"text-align: center;\"><strong><img loading=\"lazy\" decoding=\"async\" class=\"alignnone wp-image-1202 size-full\" src=\"https:\/\/www.piscinasamerica.com.ar\/wp\/wp-content\/uploads\/2022\/09\/colores-redondo.png\" alt=\"\" width=\"108\" height=\"24\" \/><br \/>\nCOLORES DISPONIBLES<\/strong><\/p>\n<p>[\/vc_column_text][vc_icon icon_fontawesome=&#8221;fas fa-ruler-combined&#8221; color=&#8221;custom&#8221; size=&#8221;lg&#8221; align=&#8221;center&#8221; css=&#8221;.vc_custom_1661527818300{margin-top: 25px !important;margin-bottom: 0px !important;}&#8221; custom_color=&#8221;#75c6fa&#8221;][vc_column_text]<\/p>\n<p style=\"text-align: center;\"><strong>MEDIDAS<br \/>\n<\/strong>Largo: 8,00mts.<br \/>\nAncho: 3,40mts.<br \/>\nAlto: 1,30 a 1,60mts.<\/p>\n<p>[\/vc_column_text][vc_icon icon_fontawesome=&#8221;fas fa-expand-arrows-alt&#8221; color=&#8221;custom&#8221; size=&#8221;lg&#8221; align=&#8221;center&#8221; css=&#8221;.vc_custom_1661527807801{margin-top: 25px !important;margin-bottom: 0px !important;}&#8221; custom_color=&#8221;#75c6fa&#8221;][vc_column_text]<\/p>\n<p style=\"text-align: center;\"><strong>CAPACIDAD<\/strong><br \/>\n35000lts.<\/p>\n<p>[\/vc_column_text][\/vc_column_inner][\/vc_row_inner][\/vc_column][\/vc_row][vc_row][vc_column css_animation=&#8221;bounceIn&#8221;][vc_column_text]<\/p>\n<h5 style=\"text-align: center;\"><strong><span style=\"color: #75c6fa;\">SERVICIOS<\/span> DE PRINCIPIO A FIN<\/strong><\/h5>\n<p>[\/vc_column_text][vc_row_inner css=&#8221;.vc_custom_1661527924809{margin-top: 40px !important;}&#8221;][vc_column_inner width=&#8221;1\/6&#8243;][vc_text_separator title=&#8221;TRASLADOS&#8221;][vc_icon icon_fontawesome=&#8221;fas fa-truck&#8221; color=&#8221;custom&#8221; size=&#8221;lg&#8221; align=&#8221;center&#8221; custom_color=&#8221;#75c6fa&#8221;][\/vc_column_inner][vc_column_inner width=&#8221;1\/6&#8243;][vc_text_separator title=&#8221;INSTALACI\u00d3N&#8221;][vc_icon icon_fontawesome=&#8221;fas fa-cog&#8221; color=&#8221;custom&#8221; size=&#8221;lg&#8221; align=&#8221;center&#8221; custom_color=&#8221;#75c6fa&#8221;][\/vc_column_inner][vc_column_inner width=&#8221;1\/6&#8243;][vc_text_separator title=&#8221;VEREDA&#8221;][vc_icon icon_fontawesome=&#8221;fab fa-leanpub&#8221; color=&#8221;custom&#8221; size=&#8221;lg&#8221; align=&#8221;center&#8221; custom_color=&#8221;#75c6fa&#8221;][\/vc_column_inner][vc_column_inner width=&#8221;1\/6&#8243;][vc_text_separator title=&#8221;FILTRADO&#8221;][vc_icon icon_fontawesome=&#8221;fas fa-tint&#8221; color=&#8221;custom&#8221; size=&#8221;lg&#8221; align=&#8221;center&#8221; custom_color=&#8221;#75c6fa&#8221;][\/vc_column_inner][vc_column_inner width=&#8221;1\/6&#8243;][vc_text_separator title=&#8221;ILUMINACI\u00d3N&#8221;][vc_icon icon_fontawesome=&#8221;fas fa-bolt&#8221; color=&#8221;custom&#8221; size=&#8221;lg&#8221; align=&#8221;center&#8221; custom_color=&#8221;#75c6fa&#8221;][\/vc_column_inner][vc_column_inner width=&#8221;1\/6&#8243;][vc_text_separator title=&#8221;CASCADA&#8221;][vc_icon icon_fontawesome=&#8221;fas fa-signal&#8221; color=&#8221;custom&#8221; size=&#8221;lg&#8221; align=&#8221;center&#8221; custom_color=&#8221;#75c6fa&#8221;][\/vc_column_inner][\/vc_row_inner][\/vc_column][\/vc_row][vc_row css=&#8221;.vc_custom_1665076773564{padding-top: 40px !important;}&#8221;][vc_column][vc_images_carousel images=&#8221;1072,1071,1070,1069,1068,1067,1066&#8243; img_size=&#8221;full&#8221; autoplay=&#8221;yes&#8221;][\/vc_column][\/vc_row][vc_row css=&#8221;.vc_custom_1665076773564{padding-top: 40px !important;}&#8221;][vc_column width=&#8221;1\/4&#8243;][\/vc_column][vc_column width=&#8221;1\/2&#8243;]<h4 class=\"sc_title sc_title_regular sc_align_center\" style=\"text-align:center;\">SOLICITUD DE PRESUPUESTO<\/h4>\n<div class=\"wpcf7 no-js\" id=\"wpcf7-f1341-o1\" lang=\"en-US\" dir=\"ltr\" data-wpcf7-id=\"1341\">\n<div class=\"screen-reader-response\"><p role=\"status\" aria-live=\"polite\" aria-atomic=\"true\"><\/p> <ul><\/ul><\/div>\n<form action=\"\/wp\/wp-json\/wp\/v2\/pages\/1212#wpcf7-f1341-o1\" method=\"post\" class=\"wpcf7-form init\" aria-label=\"Contact form\" novalidate=\"novalidate\" data-status=\"init\">\n<fieldset class=\"hidden-fields-container\"><input type=\"hidden\" name=\"_wpcf7\" value=\"1341\" \/><input type=\"hidden\" name=\"_wpcf7_version\" value=\"6.1.5\" \/><input type=\"hidden\" name=\"_wpcf7_locale\" value=\"en_US\" \/><input type=\"hidden\" name=\"_wpcf7_unit_tag\" value=\"wpcf7-f1341-o1\" \/><input type=\"hidden\" name=\"_wpcf7_container_post\" value=\"0\" \/><input type=\"hidden\" name=\"_wpcf7_posted_data_hash\" value=\"\" \/>\n<\/fieldset>\n<div class='row' ><span class=\"wpcf7-form-control-wrap\" data-name=\"your-name\"><input size=\"40\" maxlength=\"400\" class=\"wpcf7-form-control wpcf7-text wpcf7-validates-as-required\" aria-required=\"true\" aria-invalid=\"false\" placeholder=\"Nombre y Apellido *\" value=\"\" type=\"text\" name=\"your-name\" \/><\/span><\/div> \n<div class='row'><span class=\"wpcf7-form-control-wrap\" data-name=\"your-email\"><input size=\"40\" maxlength=\"400\" class=\"wpcf7-form-control wpcf7-email wpcf7-validates-as-required wpcf7-text wpcf7-validates-as-email\" aria-required=\"true\" aria-invalid=\"false\" placeholder=\"Correo Electr\u00f3nico *\" value=\"\" type=\"email\" name=\"your-email\" \/><\/span><\/div>\n<div class='row'><span class=\"wpcf7-form-control-wrap\" data-name=\"tel-345\"><input size=\"40\" maxlength=\"400\" class=\"wpcf7-form-control wpcf7-tel wpcf7-validates-as-required wpcf7-text wpcf7-validates-as-tel\" aria-required=\"true\" aria-invalid=\"false\" placeholder=\"Tel\u00e9fono \/ Celular *\" value=\"\" type=\"tel\" name=\"tel-345\" \/><\/span><\/div>\n<div class='row'><span class=\"wpcf7-form-control-wrap\" data-name=\"text-32\"><input size=\"40\" maxlength=\"400\" class=\"wpcf7-form-control wpcf7-text wpcf7-validates-as-required\" aria-required=\"true\" aria-invalid=\"false\" placeholder=\"Localidad \/ Provincia *\" value=\"\" type=\"text\" name=\"text-32\" \/><\/span><\/div>\n<div class=''><span class=\"wpcf7-form-control-wrap\" data-name=\"your-message\"><textarea cols=\"40\" rows=\"10\" maxlength=\"2000\" class=\"wpcf7-form-control wpcf7-textarea wpcf7-validates-as-required\" aria-required=\"true\" aria-invalid=\"false\" placeholder=\"Mensaje *\" name=\"your-message\"><\/textarea><\/span><\/div>\n<div class=\"sc_form_field sc_form_field_button sc_form_field_submit\"><input class=\"wpcf7-form-control wpcf7-submit has-spinner\" type=\"submit\" value=\"Enviar Consulta\" \/><\/div><div class=\"wpcf7-response-output\" aria-hidden=\"true\"><\/div>\n<\/form>\n<\/div>\n[\/vc_column][vc_column width=&#8221;1\/4&#8243;][\/vc_column][\/vc_row]<\/p>\n<\/div>","protected":false},"excerpt":{"rendered":"<p>[vc_row][vc_column css_animation=&#8221;bounceIn&#8221;][vc_column_text] Tu piscina solarium y compacta para la recreaci\u00f3n de tu familia para que puedas disfrutar de unos d\u00edas soleados con amigos. &nbsp; La misma se puede instalar en tu casa, o en la terraza, hoy en d\u00eda es sin\u00f3nimo de tranquilidad, seguridad y valoraci\u00f3n garantizada de su propiedad. Podes elegir diferentes colores, acabado [&hellip;]<\/p>\n","protected":false},"author":1,"featured_media":0,"parent":0,"menu_order":4,"comment_status":"closed","ping_status":"closed","template":"","meta":{"_joinchat":[],"footnotes":""},"class_list":["post-1212","page","type-page","status-publish","hentry"],"_links":{"self":[{"href":"https:\/\/www.piscinasamerica.com.ar\/wp\/wp-json\/wp\/v2\/pages\/1212","targetHints":{"allow":["GET"]}}],"collection":[{"href":"https:\/\/www.piscinasamerica.com.ar\/wp\/wp-json\/wp\/v2\/pages"}],"about":[{"href":"https:\/\/www.piscinasamerica.com.ar\/wp\/wp-json\/wp\/v2\/types\/page"}],"author":[{"embeddable":true,"href":"https:\/\/www.piscinasamerica.com.ar\/wp\/wp-json\/wp\/v2\/users\/1"}],"replies":[{"embeddable":true,"href":"https:\/\/www.piscinasamerica.com.ar\/wp\/wp-json\/wp\/v2\/comments?post=1212"}],"version-history":[{"count":16,"href":"https:\/\/www.piscinasamerica.com.ar\/wp\/wp-json\/wp\/v2\/pages\/1212\/revisions"}],"predecessor-version":[{"id":1389,"href":"https:\/\/www.piscinasamerica.com.ar\/wp\/wp-json\/wp\/v2\/pages\/1212\/revisions\/1389"}],"wp:attachment":[{"href":"https:\/\/www.piscinasamerica.com.ar\/wp\/wp-json\/wp\/v2\/media?parent=1212"}],"curies":[{"name":"wp","href":"https:\/\/api.w.org\/{rel}","templated":true}]}}